{"id":7003,"date":"2012-01-07T18:07:50","date_gmt":"2012-01-07T22:37:50","guid":{"rendered":"http:\/\/fotoggrafica.com\/fotobill\/?page_id=7003"},"modified":"2023-10-15T12:05:22","modified_gmt":"2023-10-15T16:05:22","slug":"visitas-virtuales-y-fotos-panoramicas","status":"publish","type":"page","link":"https:\/\/fotografismos.com\/fotobill\/?page_id=7003","title":{"rendered":"Visi\u00f3n Panoramica 360\u00ba"},"content":{"rendered":"<p>Las <strong>Visitas Virtuales<\/strong>\u00a0en <a href=\"http:\/\/www.fotografismos.com\">Fotogr@fica<\/a> son una forma f\u00e1cil, divertida e interactiva de ver un espacio en todas las direcciones con s\u00f3lo mover el rat\u00f3n, esto,\u00a0 por medio de las fotograf\u00edas panor\u00e1micas esf\u00e9ricas que permiten observar el espacio fotografiado en 360\u00bax180\u00ba. Significa, todo alrededor, arriba y abajo y como si estuvieses f\u00edsicamente en el lugar.<\/p>\n<div class=\"wpps_container\" style=\"margin: 10px auto; width: 560px; max-width: 100%;\"><a href=\"https:\/\/fotografismos.com\/fotobill\/wp-content\/uploads\/2016\/07\/00-hallpano810-1.jpg?height=315px&amp;segments=100&amp;rings=100&amp;hide_link=0&amp;autoload=0&amp;anim_after=2000&amp;anim_speed=2rpm&amp;vertical_anim_speed=2rpm&amp;vertical_anim_target=0&amp;navbar=1&amp;overlay_img=&amp;overlay_position=bottom+left&amp;min_fov=30&amp;max_fov=90&amp;zoom_level=0&amp;long=0&amp;lat=0&amp;tilt_up_max=90&amp;tilt_down_max=90&amp;min_long=0&amp;max_long=360&amp;reverse_anim=1&amp;xmp=1&amp;smooth_user_moves=1&amp;scroll_to_zoom=1&amp;zoom_speed=1&amp;eyes_offset=5&amp;full_width=default&amp;full_height=default&amp;cropped_width=default&amp;cropped_height=default&amp;cropped_x=default&amp;cropped_y=default&amp;horizontal_fov=360&amp;vertical_fov=180\" style=\"display: block; padding: 5px; background-color: #3D3D3D; color: #FFFFFF;\">WP Photo Sphere (Demo Panorama 1)<\/a><div style=\"position: relative; box-sizing: content-box;\"><\/div><\/div>\n<p>Las Visitas Virtuales se convierten en las<strong> secciones m\u00e1s visitadas<\/strong> de cualquier p\u00e1gina y son \u00fatiles para vender productos, instalaciones e infraestructuras, debido al gran atractivo visual y alto nivel de interactividad. La Visita Virtual tiene como objetivo, aumentar notablemente la permanencia del usuario en la p\u00e1gina y en consecuencia su atracci\u00f3n e inter\u00e9s por el lugar.\u00a0 En la Visita Virtual el usuario percibe el espacio esf\u00e9rico con una vista totalmente veros\u00edmil y natural tal como es en la realidad y con la sensaci\u00f3n visual de estar en el lugar. Es una forma de publicidad altamente efectiva y atractiva para los usuarios. El uso de esta tecnolog\u00eda interactiva aumenta notablemente el n\u00famero de visitas a una p\u00e1gina.<\/p>\n<p>Las Visitas Virtuales son los mejores medios para reproducir la realidad, lo que las convierte en un excelente forma para mostrar:<\/p>\n<p>Instalaciones: comerciales, deportivas, industriales&#8230;<br \/>\nCondominios y residencias<br \/>\nParques Recreativos<br \/>\nMonumentos Hist\u00f3ricos y Arquitect\u00f3nicos<br \/>\nAvances de obra arquitect\u00f3nica, ingenieril, sanitaria, civil&#8230;<br \/>\nDocumentaci\u00f3n del antes y despu\u00e9s<br \/>\nRegistro gr\u00e1fico de propiedades<br \/>\nEventos sociales, grupos familiares, etc.<br \/>\nGrupos de graduados y asistentes a convenciones y congresos<br \/>\nPaisajes de lugares tur\u00edsticos<\/p>\n<p>Y en general cualquier lugar que dependa de la promoci\u00f3n para su venta, donde el usuario, al ver la Visita Virtual se sienta dentro y parte de la escena&#8230; experiencia previa que incitar\u00e1 a la visita presencial&#8230;Llevando tu negocio al mundo real y ofreciendo lo mejor a tus clientes dej\u00e1ndonos a nosotros crear tu tour virtual.<\/p>\n<p>S\u00f3lo <a title=\"FotoGr\u00e1fic@, T\u00fa Imagen...\" href=\"http:\/\/www.fotoggrafica.com\" target=\"_blank\" rel=\"noopener\">FotoGr\u00e1fic@<\/a> te lo hace posible.<\/p>\n","protected":false},"excerpt":{"rendered":"<p>Las Visitas Virtuales\u00a0en Fotogr@fica son una forma f\u00e1cil, divertida e interactiva de ver un espacio en todas las direcciones con s\u00f3lo mover el rat\u00f3n, esto,\u00a0 por medio de las fotograf\u00edas panor\u00e1micas esf\u00e9ricas que permiten observar el espacio fotografiado en 360\u00bax180\u00ba. &hellip; <a href=\"https:\/\/fotografismos.com\/fotobill\/?page_id=7003\">Sigue leyendo <span class=\"meta-nav\">&rarr;<\/span><\/a><\/p>\n","protected":false},"author":4,"featured_media":0,"parent":4306,"menu_order":7,"comment_status":"closed","ping_status":"closed","template":"","meta":{"footnotes":""},"class_list":["post-7003","page","type-page","status-publish","hentry"],"_links":{"self":[{"href":"https:\/\/fotografismos.com\/fotobill\/index.php?rest_route=\/wp\/v2\/pages\/7003","targetHints":{"allow":["GET"]}}],"collection":[{"href":"https:\/\/fotografismos.com\/fotobill\/index.php?rest_route=\/wp\/v2\/pages"}],"about":[{"href":"https:\/\/fotografismos.com\/fotobill\/index.php?rest_route=\/wp\/v2\/types\/page"}],"author":[{"embeddable":true,"href":"https:\/\/fotografismos.com\/fotobill\/index.php?rest_route=\/wp\/v2\/users\/4"}],"replies":[{"embeddable":true,"href":"https:\/\/fotografismos.com\/fotobill\/index.php?rest_route=%2Fwp%2Fv2%2Fcomments&post=7003"}],"version-history":[{"count":55,"href":"https:\/\/fotografismos.com\/fotobill\/index.php?rest_route=\/wp\/v2\/pages\/7003\/revisions"}],"predecessor-version":[{"id":129268,"href":"https:\/\/fotografismos.com\/fotobill\/index.php?rest_route=\/wp\/v2\/pages\/7003\/revisions\/129268"}],"up":[{"embeddable":true,"href":"https:\/\/fotografismos.com\/fotobill\/index.php?rest_route=\/wp\/v2\/pages\/4306"}],"wp:attachment":[{"href":"https:\/\/fotografismos.com\/fotobill\/index.php?rest_route=%2Fwp%2Fv2%2Fmedia&parent=7003"}],"curies":[{"name":"wp","href":"https:\/\/api.w.org\/{rel}","templated":true}]}}