{"id":50611,"date":"2016-07-04T11:38:26","date_gmt":"2016-07-04T15:38:26","guid":{"rendered":"http:\/\/fotoggrafica.com\/fotobill\/?page_id=50611"},"modified":"2022-02-22T09:12:40","modified_gmt":"2022-02-22T13:12:40","slug":"360-productos","status":"publish","type":"page","link":"https:\/\/fotografismos.com\/fotobill\/?page_id=50611","title":{"rendered":"Productos en 360\u00ba"},"content":{"rendered":"<p>Numerosos estudios confirman que las fotograf\u00edas en 360\u00ba de los productos venden m\u00e1s\u00a0que las fotograf\u00edas est\u00e1ticas, tambi\u00e9n incrementan los tiempos de estancia en las fichas de productos, aumentan los clicks, y bajan los porcentajes de abandono.<\/p>\n<div class=\"sirv-align-wrapper sirv-mv-center\">\n<div id=\"sirv-gallery-1413586530\" data-mv-captions=\"[]\" class=\"Sirv\" data-options=\"thumbnails.type:auto;thumbnails.size:50;\">\n<div data-item-id=\"0\" data-src=\"https:\/\/fotobill.sirv.com\/Productos%20Ej\/Productos%20Ej.spin\" data-alt=\"\"><\/div>\n<\/div>\n<\/div><div class=\"sirv-align-wrapper sirv-mv-center\"><div class=\"sirv-mv-caption sirv-gallery-1413586530\"><\/div><\/div><script nowprocket><\/script>\n<style type=\"text\/css\">#sirv-gallery-1413586530 { width: 200px }\r\n.sirv-mv-caption.sirv-gallery-1413586530{}<\/style>\n<div class=\"column one\">\n<div class=\"the_content\">\n<p>Una fotograf\u00eda de producto en 360\u00ba se compone de varias fotograf\u00edas, una desde cada \u00e1ngulo del producto, para as\u00ed poder ense\u00f1ar al usuario c\u00f3mo es por todos sus \u00e1ngulos. Contamos con diferentes m\u00e1quinas para adaptarnos a cualquier producto, ya sea grande o peque\u00f1o.<\/p>\n<p>\u00bfSab\u00edas que el 58,03% de los usuarios prefieren ver un producto en una fotograf\u00eda 360 grados, que en una fotograf\u00eda est\u00e1tica? Es el m\u00e9todo preferido de los usuarios incluso frente a los v\u00eddeos de producto.<\/p>\n<\/div>\n<\/div>\n","protected":false},"excerpt":{"rendered":"<p>Numerosos estudios confirman que las fotograf\u00edas en 360\u00ba de los productos venden m\u00e1s\u00a0que las fotograf\u00edas est\u00e1ticas, tambi\u00e9n incrementan los tiempos de estancia en las fichas de productos, aumentan los clicks, y bajan los porcentajes de abandono. Una fotograf\u00eda de producto &hellip; <a href=\"https:\/\/fotografismos.com\/fotobill\/?page_id=50611\">Sigue leyendo <span class=\"meta-nav\">&rarr;<\/span><\/a><\/p>\n","protected":false},"author":4,"featured_media":0,"parent":4306,"menu_order":9,"comment_status":"closed","ping_status":"closed","template":"","meta":{"footnotes":""},"class_list":["post-50611","page","type-page","status-publish","hentry"],"_links":{"self":[{"href":"https:\/\/fotografismos.com\/fotobill\/index.php?rest_route=\/wp\/v2\/pages\/50611","targetHints":{"allow":["GET"]}}],"collection":[{"href":"https:\/\/fotografismos.com\/fotobill\/index.php?rest_route=\/wp\/v2\/pages"}],"about":[{"href":"https:\/\/fotografismos.com\/fotobill\/index.php?rest_route=\/wp\/v2\/types\/page"}],"author":[{"embeddable":true,"href":"https:\/\/fotografismos.com\/fotobill\/index.php?rest_route=\/wp\/v2\/users\/4"}],"replies":[{"embeddable":true,"href":"https:\/\/fotografismos.com\/fotobill\/index.php?rest_route=%2Fwp%2Fv2%2Fcomments&post=50611"}],"version-history":[{"count":12,"href":"https:\/\/fotografismos.com\/fotobill\/index.php?rest_route=\/wp\/v2\/pages\/50611\/revisions"}],"predecessor-version":[{"id":50621,"href":"https:\/\/fotografismos.com\/fotobill\/index.php?rest_route=\/wp\/v2\/pages\/50611\/revisions\/50621"}],"up":[{"embeddable":true,"href":"https:\/\/fotografismos.com\/fotobill\/index.php?rest_route=\/wp\/v2\/pages\/4306"}],"wp:attachment":[{"href":"https:\/\/fotografismos.com\/fotobill\/index.php?rest_route=%2Fwp%2Fv2%2Fmedia&parent=50611"}],"curies":[{"name":"wp","href":"https:\/\/api.w.org\/{rel}","templated":true}]}}