{"id":5017,"date":"2011-10-18T08:07:13","date_gmt":"2011-10-18T12:37:13","guid":{"rendered":"http:\/\/fotoggrafica.com\/fotobill\/?page_id=5017"},"modified":"2022-02-20T21:42:14","modified_gmt":"2022-02-21T01:42:14","slug":"fotografic","status":"publish","type":"page","link":"https:\/\/fotografismos.com\/fotobill\/?page_id=5017","title":{"rendered":"Origen"},"content":{"rendered":"<p>FotoGr\u00e1fic@ es una Empresa dedicada a la Fotograf\u00eda Publicitaria, Comercial, Personal, Books, Retratos Familiares, Fotograf\u00eda de Eventos, Social, Bodas, Comuniones, Industrial, Modelaje, Deportes, Fotograf\u00eda 3D , 360 y mucho m\u00e1s&#8230;<\/p>\n<p>Cuenta con Fot\u00f3grafos de reconocida Experiencia y nuestro aval son nuestros <a title=\"Clientes\" href=\"http:\/\/fotografismos.com\/fotobill\/?page_id=4300\" target=\"_blank\" rel=\"noopener\">Clientes<\/a>.<\/p>\n<p>En el af\u00e1n de que usted conozca a plenitud nuestra Organizaci\u00f3n, disponemos a\u00fan nuestra Imagen de hace m\u00e1s de una d\u00e9cada y que fu\u00e9 nuestra tarjeta de presentaci\u00f3n para que nos conocieran en el mundo de la Fotograf\u00eda y Publicidad, y donde\u00a0 queremos compartir con usted en:<\/p>\n<p style=\"text-align: center;\"><a title=\"FotoGr\u00e1fic@\" href=\"http:\/\/fotografismos.com\/fotografica.htm\" target=\"_blank\" rel=\"noopener\">FotoGr\u00e1fic@, m\u00e1s de dos d\u00e9cadas de Imagenes&#8230;<\/a><\/p>\n","protected":false},"excerpt":{"rendered":"<p>FotoGr\u00e1fic@ es una Empresa dedicada a la Fotograf\u00eda Publicitaria, Comercial, Personal, Books, Retratos Familiares, Fotograf\u00eda de Eventos, Social, Bodas, Comuniones, Industrial, Modelaje, Deportes, Fotograf\u00eda 3D , 360 y mucho m\u00e1s&#8230; Cuenta con Fot\u00f3grafos de reconocida Experiencia y nuestro aval son &hellip; <a href=\"https:\/\/fotografismos.com\/fotobill\/?page_id=5017\">Sigue leyendo <span class=\"meta-nav\">&rarr;<\/span><\/a><\/p>\n","protected":false},"author":4,"featured_media":0,"parent":4435,"menu_order":4,"comment_status":"closed","ping_status":"closed","template":"","meta":{"footnotes":""},"class_list":["post-5017","page","type-page","status-publish","hentry"],"_links":{"self":[{"href":"https:\/\/fotografismos.com\/fotobill\/index.php?rest_route=\/wp\/v2\/pages\/5017","targetHints":{"allow":["GET"]}}],"collection":[{"href":"https:\/\/fotografismos.com\/fotobill\/index.php?rest_route=\/wp\/v2\/pages"}],"about":[{"href":"https:\/\/fotografismos.com\/fotobill\/index.php?rest_route=\/wp\/v2\/types\/page"}],"author":[{"embeddable":true,"href":"https:\/\/fotografismos.com\/fotobill\/index.php?rest_route=\/wp\/v2\/users\/4"}],"replies":[{"embeddable":true,"href":"https:\/\/fotografismos.com\/fotobill\/index.php?rest_route=%2Fwp%2Fv2%2Fcomments&post=5017"}],"version-history":[{"count":14,"href":"https:\/\/fotografismos.com\/fotobill\/index.php?rest_route=\/wp\/v2\/pages\/5017\/revisions"}],"predecessor-version":[{"id":121739,"href":"https:\/\/fotografismos.com\/fotobill\/index.php?rest_route=\/wp\/v2\/pages\/5017\/revisions\/121739"}],"up":[{"embeddable":true,"href":"https:\/\/fotografismos.com\/fotobill\/index.php?rest_route=\/wp\/v2\/pages\/4435"}],"wp:attachment":[{"href":"https:\/\/fotografismos.com\/fotobill\/index.php?rest_route=%2Fwp%2Fv2%2Fmedia&parent=5017"}],"curies":[{"name":"wp","href":"https:\/\/api.w.org\/{rel}","templated":true}]}}