{"id":4435,"date":"2011-08-08T12:31:21","date_gmt":"2011-08-08T17:01:21","guid":{"rendered":"http:\/\/fotoggrafica.com\/fotobill\/?page_id=4435"},"modified":"2022-02-20T21:39:03","modified_gmt":"2022-02-21T01:39:03","slug":"nosotros","status":"publish","type":"page","link":"https:\/\/fotografismos.com\/fotobill\/?page_id=4435","title":{"rendered":"Nosotros"},"content":{"rendered":"<p><span style=\"color: #000000;\">Agradecemos el permitirnos ser una opci\u00f3n adicional con qui\u00e9n consultar,\u00a0 ofrecemos una amplia gama de productos y servicios de calidad, con responsabilidad y precios justos\u00a0 ajustados al mercado. <\/span><\/p>\n<ul>\n<li><a title=\"Misi\u00f3n\" href=\"http:\/\/fotografismos.com\/fotobill\/?page_id=4335\">Misi\u00f3n<\/a><\/li>\n<li><a title=\"Fot\u00f3grafo\" href=\"http:\/\/fotografismos.com\/fotobill\/?page_id=4343\">Fot\u00f3grafo<\/a><\/li>\n<li><a title=\"Clientes\" href=\"http:\/\/fotografismos.com\/fotobill\/?page_id=4300\">Clientes<\/a><\/li>\n<li><a title=\"Origen\" href=\"http:\/\/fotografismos.com\/fotobill\/?page_id=5017\">Nuestro Origen<\/a><\/li>\n<li><a title=\"Como Contactarnos\" href=\"http:\/\/fotografismos.com\/fotobill\/?page_id=4446\">C\u00f3mo Contactarnos<\/a><\/li>\n<\/ul>\n<p><span style=\"color: #000000;\">\u00a0<\/span><\/p>\n","protected":false},"excerpt":{"rendered":"<p>Agradecemos el permitirnos ser una opci\u00f3n adicional con qui\u00e9n consultar,\u00a0 ofrecemos una amplia gama de productos y servicios de calidad, con responsabilidad y precios justos\u00a0 ajustados al mercado. Misi\u00f3n Fot\u00f3grafo Clientes Nuestro Origen C\u00f3mo Contactarnos \u00a0<\/p>\n","protected":false},"author":4,"featured_media":0,"parent":0,"menu_order":7,"comment_status":"closed","ping_status":"closed","template":"","meta":{"footnotes":""},"class_list":["post-4435","page","type-page","status-publish","hentry"],"_links":{"self":[{"href":"https:\/\/fotografismos.com\/fotobill\/index.php?rest_route=\/wp\/v2\/pages\/4435","targetHints":{"allow":["GET"]}}],"collection":[{"href":"https:\/\/fotografismos.com\/fotobill\/index.php?rest_route=\/wp\/v2\/pages"}],"about":[{"href":"https:\/\/fotografismos.com\/fotobill\/index.php?rest_route=\/wp\/v2\/types\/page"}],"author":[{"embeddable":true,"href":"https:\/\/fotografismos.com\/fotobill\/index.php?rest_route=\/wp\/v2\/users\/4"}],"replies":[{"embeddable":true,"href":"https:\/\/fotografismos.com\/fotobill\/index.php?rest_route=%2Fwp%2Fv2%2Fcomments&post=4435"}],"version-history":[{"count":6,"href":"https:\/\/fotografismos.com\/fotobill\/index.php?rest_route=\/wp\/v2\/pages\/4435\/revisions"}],"predecessor-version":[{"id":121733,"href":"https:\/\/fotografismos.com\/fotobill\/index.php?rest_route=\/wp\/v2\/pages\/4435\/revisions\/121733"}],"wp:attachment":[{"href":"https:\/\/fotografismos.com\/fotobill\/index.php?rest_route=%2Fwp%2Fv2%2Fmedia&parent=4435"}],"curies":[{"name":"wp","href":"https:\/\/api.w.org\/{rel}","templated":true}]}}