{"id":4430,"date":"2011-08-08T12:26:10","date_gmt":"2011-08-08T16:56:10","guid":{"rendered":"http:\/\/fotoggrafica.com\/fotobill\/?page_id=4430"},"modified":"2022-02-20T21:01:41","modified_gmt":"2022-02-21T01:01:41","slug":"matrimonios","status":"publish","type":"page","link":"https:\/\/fotografismos.com\/fotobill\/?page_id=4430","title":{"rendered":"Matrimonios"},"content":{"rendered":"<p>Eval\u00faa algunos de nuestros portafolios,\u00a0 si es t\u00fa agrado, haz la selecci\u00f3n de las fotos del evento y rem\u00edtenos la misma para entregarte nuestro trabajo impreso con calidad profesional.<\/p>\n<ul>\n<li><a href=\"http:\/\/www.fotografismos.com\/Galerias\/Eventos\/Matrimonios\/matrimonio%2050%20years%20zaccaria\/index.htm\" target=\"_blank\" rel=\"noopener\"><span style=\"color: #0000ff;\">50 A\u00f1os Pascuale y Ana<\/span><\/a><\/li>\n<li><a href=\"http:\/\/www.fotografismos.com\/Galerias\/Eventos\/Matrimonios\/Matrimonio%20Luis%20Quintero\/index.htm\" target=\"_blank\" rel=\"noopener\"><span style=\"color: #0000ff;\">Joselyn y Luis<\/span><\/a><\/li>\n<li><a href=\"http:\/\/www.fotografismos.com\/Galerias\/Eventos\/Matrimonios\/Matrimonio%20Dayan%20y%20Guglielmo\/index.htm\" target=\"_blank\" rel=\"noopener\"><span style=\"color: #0000ff;\">Dayan y Guglielmo<\/span><\/a><\/li>\n<li><a href=\"http:\/\/www.fotografismos.com\/Galerias\/Eventos\/Matrimonios\/Matrimonio%20Leyra%20y%20Joan\/index.htm\" target=\"_blank\" rel=\"noopener\"><span style=\"color: #0000ff;\">Leyra y Joan<\/span><\/a><\/li>\n<li><a href=\"http:\/\/www.fotografismos.com\/Galerias\/Eventos\/Matrimonios\/Matrimonio%20Jose%20Maria%20Casas\/index.htm\" target=\"_blank\" rel=\"noopener\"><span style=\"color: #0000ff;\">Kimber y Jos\u00e9 Maria<\/span><\/a><\/li>\n<li><a href=\"http:\/\/www.fotografismos.com\/Galerias\/Eventos\/Matrimonios\/Matrimonio%20Maria%20Alejandra%20y%20Ciro\/index.htm\" target=\"_blank\" rel=\"noopener\"><span style=\"color: #0000ff;\">Mar\u00eda Alejandra y Ciro<\/span><\/a><\/li>\n<li><a href=\"http:\/\/www.fotografismos.com\/Galerias\/Eventos\/Matrimonios\/Matrimonio%20Mariem%20Belloso\/index.htm\" target=\"_blank\" rel=\"noopener\"><span style=\"color: #0000ff;\">Marien y C\u00e9sar<\/span><\/a><\/li>\n<li><a href=\"http:\/\/www.fotografismos.com\/Galerias\/Eventos\/Matrimonios\/Matrimonio%20Maria%20Jose\/index.htm\" target=\"_blank\" rel=\"noopener\"><span style=\"color: #0000ff;\">Mar\u00eda Jos\u00e9 y Jos\u00e9<\/span><\/a><\/li>\n<li><a href=\"http:\/\/www.fotografismos.com\/Galerias\/Eventos\/Matrimonios\/Matrimonio%20Mariela%20y%20Wilmer\/index.htm\" target=\"_blank\" rel=\"noopener\"><span style=\"color: #0000ff;\">Mariela y Wilmer<\/span><\/a><\/li>\n<li><a href=\"http:\/\/www.fotografismos.com\/Galerias\/Eventos\/Matrimonios\/Matrimonio%20Alessandro\/index.htm\" target=\"_blank\" rel=\"noopener\"><span style=\"color: #0000ff;\">Alessandro Sainaghi<\/span><\/a><\/li>\n<\/ul>\n","protected":false},"excerpt":{"rendered":"<p>Eval\u00faa algunos de nuestros portafolios,\u00a0 si es t\u00fa agrado, haz la selecci\u00f3n de las fotos del evento y rem\u00edtenos la misma para entregarte nuestro trabajo impreso con calidad profesional. 50 A\u00f1os Pascuale y Ana Joselyn y Luis Dayan y Guglielmo &hellip; <a href=\"https:\/\/fotografismos.com\/fotobill\/?page_id=4430\">Sigue leyendo <span class=\"meta-nav\">&rarr;<\/span><\/a><\/p>\n","protected":false},"author":4,"featured_media":0,"parent":4306,"menu_order":6,"comment_status":"closed","ping_status":"closed","template":"","meta":{"footnotes":""},"class_list":["post-4430","page","type-page","status-publish","hentry"],"_links":{"self":[{"href":"https:\/\/fotografismos.com\/fotobill\/index.php?rest_route=\/wp\/v2\/pages\/4430","targetHints":{"allow":["GET"]}}],"collection":[{"href":"https:\/\/fotografismos.com\/fotobill\/index.php?rest_route=\/wp\/v2\/pages"}],"about":[{"href":"https:\/\/fotografismos.com\/fotobill\/index.php?rest_route=\/wp\/v2\/types\/page"}],"author":[{"embeddable":true,"href":"https:\/\/fotografismos.com\/fotobill\/index.php?rest_route=\/wp\/v2\/users\/4"}],"replies":[{"embeddable":true,"href":"https:\/\/fotografismos.com\/fotobill\/index.php?rest_route=%2Fwp%2Fv2%2Fcomments&post=4430"}],"version-history":[{"count":6,"href":"https:\/\/fotografismos.com\/fotobill\/index.php?rest_route=\/wp\/v2\/pages\/4430\/revisions"}],"predecessor-version":[{"id":121730,"href":"https:\/\/fotografismos.com\/fotobill\/index.php?rest_route=\/wp\/v2\/pages\/4430\/revisions\/121730"}],"up":[{"embeddable":true,"href":"https:\/\/fotografismos.com\/fotobill\/index.php?rest_route=\/wp\/v2\/pages\/4306"}],"wp:attachment":[{"href":"https:\/\/fotografismos.com\/fotobill\/index.php?rest_route=%2Fwp%2Fv2%2Fmedia&parent=4430"}],"curies":[{"name":"wp","href":"https:\/\/api.w.org\/{rel}","templated":true}]}}