{"id":4419,"date":"2011-08-08T11:46:57","date_gmt":"2011-08-08T16:16:57","guid":{"rendered":"http:\/\/fotoggrafica.com\/fotobill\/?page_id=4419"},"modified":"2022-02-20T20:58:39","modified_gmt":"2022-02-21T00:58:39","slug":"comuniones-2","status":"publish","type":"page","link":"https:\/\/fotografismos.com\/fotobill\/?page_id=4419","title":{"rendered":"Comuniones"},"content":{"rendered":"<p><span style=\"color: #000000;\">Puedes evaluar algunos de nuestros portafolios p\u00fablicos de las Primeras Comuniones, en la <a href=\"http:\/\/fotoggrafica.com\/fotobill\/?page_id=12\" target=\"_blank\" rel=\"noopener\">FotoTienda Virtual<\/a> puedes conseguir los m\u00e1s recientes.<\/span><\/p>\n<table border=\"0\" width=\"100%\" cellspacing=\"0\" cellpadding=\"0\">\n<tbody>\n<tr>\n<td valign=\"baseline\" width=\"42\"><img loading=\"lazy\" decoding=\"async\" src=\"http:\/\/www.fotoggrafica.com\/_themes\/deepblue\/bull1_deepblue.gif\" alt=\"bullet\" width=\"9\" height=\"12\" hspace=\"16\" \/><\/td>\n<td valign=\"top\" width=\"100%\"><\/td>\n<\/tr>\n<tr>\n<td valign=\"baseline\" width=\"42\"><img loading=\"lazy\" decoding=\"async\" src=\"http:\/\/www.fotoggrafica.com\/_themes\/deepblue\/bull1_deepblue.gif\" alt=\"bullet\" width=\"9\" height=\"12\" hspace=\"16\" \/><\/td>\n<td valign=\"top\" width=\"100%\"><a href=\"http:\/\/www.fotografismos.com\/Galerias\/Eventos\/Comuniones\/video%20comunion%20lisette\/Final%20640%20Comunion%20parte%20I.wmv\" target=\"_blank\" rel=\"noopener\"><span style=\"color: #0000ff;\"> Video Fotos Comuni\u00f3n Iglesia del Rosario Junio 2009 I <\/span><\/a><\/td>\n<\/tr>\n<tr>\n<td valign=\"baseline\" width=\"42\"><img loading=\"lazy\" decoding=\"async\" src=\"http:\/\/www.fotoggrafica.com\/_themes\/deepblue\/bull1_deepblue.gif\" alt=\"bullet\" width=\"9\" height=\"12\" hspace=\"16\" \/><\/td>\n<td valign=\"top\" width=\"100%\"><a href=\"http:\/\/www.fotografismos.com\/Galerias\/Eventos\/Comuniones\/video%20comunion%20lisette\/Final%20640%20Comunion%20Parte%20II.wmv\" target=\"_blank\" rel=\"noopener\"><span style=\"color: #0000ff;\"> Video Fotos Comuni\u00f3n Iglesia del Rosario Junio 2009 II <\/span><\/a><\/td>\n<\/tr>\n<tr>\n<td valign=\"baseline\" width=\"42\"><img loading=\"lazy\" decoding=\"async\" src=\"http:\/\/www.fotoggrafica.com\/_themes\/deepblue\/bull1_deepblue.gif\" alt=\"bullet\" width=\"9\" height=\"12\" hspace=\"16\" \/><\/td>\n<td valign=\"top\" width=\"100%\"><a href=\"http:\/\/www.fotoggrafica.com\/Galerias\/Eventos\/Comuniones\/video%20comunion%20lisette\/Final%20640%20Comunion%20parte%20III.wmv\" target=\"_blank\" rel=\"noopener\"><span style=\"color: #0000ff;\"> V<\/span><\/a><a href=\"http:\/\/www.fotografismos.com\/Galerias\/Eventos\/Comuniones\/video%20comunion%20lisette\/Final%20640%20Comunion%20parte%20III.wmv\" target=\"_blank\" rel=\"noopener\"><span style=\"color: #0000ff;\">ideo Fotos Comuni\u00f3n Iglesia del Rosario Junio 2009 III<\/span><\/a><\/td>\n<\/tr>\n<tr>\n<td valign=\"baseline\" width=\"42\"><img loading=\"lazy\" decoding=\"async\" src=\"http:\/\/www.fotoggrafica.com\/_themes\/deepblue\/bull1_deepblue.gif\" alt=\"bullet\" width=\"9\" height=\"12\" hspace=\"16\" \/><\/td>\n<td valign=\"top\" width=\"100%\"><a href=\"http:\/\/www.fotografismos.com\/Galerias\/Eventos\/Comuniones\/iglesia%20del%20rosario%20convivencia%202009\/index.htm\" target=\"_blank\" rel=\"noopener\"><span style=\"color: #0000ff;\"> Iglesia del Rosario &#8211; Convivencia 2009<\/span><\/a><\/td>\n<\/tr>\n<tr>\n<td valign=\"baseline\" width=\"42\"><img loading=\"lazy\" decoding=\"async\" src=\"http:\/\/www.fotoggrafica.com\/_themes\/deepblue\/bull1_deepblue.gif\" alt=\"bullet\" width=\"9\" height=\"12\" hspace=\"16\" \/><\/td>\n<td valign=\"top\" width=\"100%\"><a href=\"http:\/\/www.fotoggrafica.com\/Galerias\/Eventos\/Comuniones\/elaboracion%20de%20estandartes%202009\/index.htm\"><span style=\"color: #0000ff;\"> Iglesia del Rosario &#8211; <\/span><\/a><a href=\"http:\/\/www.fotografismos.com\/Galerias\/Eventos\/Comuniones\/elaboracion%20de%20estandartes%202009\/index.htm\" target=\"_blank\" rel=\"noopener\"><span style=\"color: #0000ff;\"> Estandartes 2009<\/span><\/a><\/td>\n<\/tr>\n<tr>\n<td valign=\"baseline\" width=\"42\"><img loading=\"lazy\" decoding=\"async\" src=\"http:\/\/www.fotoggrafica.com\/_themes\/deepblue\/bull1_deepblue.gif\" alt=\"bullet\" width=\"9\" height=\"12\" hspace=\"16\" \/><\/td>\n<td valign=\"top\" width=\"100%\"><a href=\"http:\/\/www.fotoggrafica.com\/Galerias\/Eventos\/Comuniones\/via%20crucis%20iglesia%20del%20rosario%202009\/index.htm\"><span style=\"color: #0000ff;\"> Iglesia del Rosario &#8211; V\u00eda<\/span><\/a><a href=\"http:\/\/www.fotografismos.com\/Galerias\/Eventos\/Comuniones\/via%20crucis%20iglesia%20del%20rosario%202009\/index.htm\" target=\"_blank\" rel=\"noopener\"><span style=\"color: #0000ff;\"> Crucis 2009<\/span><\/a><\/td>\n<\/tr>\n<tr>\n<td valign=\"baseline\" width=\"42\"><img loading=\"lazy\" decoding=\"async\" src=\"http:\/\/www.fotoggrafica.com\/_themes\/deepblue\/bull1_deepblue.gif\" alt=\"bullet\" width=\"9\" height=\"12\" hspace=\"16\" \/><\/td>\n<td valign=\"top\" width=\"100%\"><a href=\"http:\/\/www.fotografismos.com\/Galerias\/Eventos\/Comuniones\/via%20crucis%20iglesia%20del%20rosario%202009%202\/index.htm\" target=\"_blank\" rel=\"noopener\"><span style=\"color: #0000ff;\"> Iglesia del Rosario &#8211; Via Crucis 2009 Parte II<\/span><\/a><\/td>\n<\/tr>\n<tr>\n<td valign=\"baseline\" width=\"42\"><img loading=\"lazy\" decoding=\"async\" src=\"http:\/\/www.fotoggrafica.com\/_themes\/deepblue\/bull1_deepblue.gif\" alt=\"bullet\" width=\"9\" height=\"12\" hspace=\"16\" \/><\/td>\n<td valign=\"top\" width=\"100%\"><a href=\"http:\/\/www.fotoggrafismos.com\/Galerias\/Eventos\/Comuniones\/andres%20parra\/index.htm\" target=\"_blank\" rel=\"noopener\"><span style=\"color: #0000ff;\"> Andr\u00e9s &#8211; Bernardo y Alejandro<\/span><\/a><\/td>\n<\/tr>\n<tr>\n<td valign=\"baseline\" width=\"42\"><img loading=\"lazy\" decoding=\"async\" src=\"http:\/\/www.fotoggrafica.com\/_themes\/deepblue\/bull1_deepblue.gif\" alt=\"bullet\" width=\"9\" height=\"12\" hspace=\"16\" \/><\/td>\n<td valign=\"top\" width=\"100%\"><a href=\"http:\/\/www.fotoggrafica.com\/Galerias\/Eventos\/Comuniones\/laura%20oquendo\/index.htm\"><span style=\"color: #0000ff;\"> Laura<\/span><\/a><a href=\"http:\/\/www.fotografismos.com\/Galerias\/Eventos\/Comuniones\/laura%20oquendo\/index.htm\" target=\"_blank\" rel=\"noopener\"><span style=\"color: #0000ff;\"> Oquendo<\/span><\/a><\/td>\n<\/tr>\n<tr>\n<td valign=\"baseline\" width=\"42\"><img loading=\"lazy\" decoding=\"async\" src=\"http:\/\/www.fotoggrafica.com\/_themes\/deepblue\/bull1_deepblue.gif\" alt=\"bullet\" width=\"9\" height=\"12\" hspace=\"16\" \/><\/td>\n<td valign=\"top\" width=\"100%\"><a href=\"http:\/\/www.fotografismos.com\/Galerias\/Eventos\/Comuniones\/familia%20millano\/index.htm\" target=\"_blank\" rel=\"noopener\"><span style=\"color: #0000ff;\"> Familia Millano<\/span><\/a><\/td>\n<\/tr>\n<tr>\n<td valign=\"baseline\" width=\"42\"><span style=\"color: #0000ff;\"><img loading=\"lazy\" decoding=\"async\" src=\"http:\/\/www.fotoggrafica.com\/_themes\/deepblue\/bull1_deepblue.gif\" alt=\"bullet\" width=\"9\" height=\"12\" hspace=\"16\" \/><\/span><\/td>\n<td valign=\"top\" width=\"100%\"><a href=\"http:\/\/www.fotografismos.com\/Galerias\/Eventos\/Comuniones\/andrea%20arrieta\/index.htm\" target=\"_blank\" rel=\"noopener\"><span style=\"color: #0000ff;\"> Andrea Arrieta<\/span><\/a><\/td>\n<\/tr>\n<tr>\n<td valign=\"baseline\" width=\"42\"><img loading=\"lazy\" decoding=\"async\" src=\"http:\/\/www.fotoggrafica.com\/_themes\/deepblue\/bull1_deepblue.gif\" alt=\"bullet\" width=\"9\" height=\"12\" hspace=\"16\" \/><\/td>\n<td valign=\"top\" width=\"100%\"><a href=\"http:\/\/www.fotografismos.com\/Galerias\/Eventos\/Comuniones\/claudia%20parra\/index.htm\" target=\"_blank\" rel=\"noopener\"><span style=\"color: #0000ff;\"> Claudia Parra<\/span><\/a><\/td>\n<\/tr>\n<tr>\n<td valign=\"baseline\" width=\"42\"><span style=\"color: #0000ff;\"><img loading=\"lazy\" decoding=\"async\" src=\"http:\/\/www.fotoggrafica.com\/_themes\/deepblue\/bull1_deepblue.gif\" alt=\"bullet\" width=\"9\" height=\"12\" hspace=\"16\" \/><\/span><\/td>\n<td valign=\"top\" width=\"100%\"><span style=\"color: #0000ff;\">Mater Salvatoris 2007<\/span><\/td>\n<\/tr>\n<\/tbody>\n<\/table>\n","protected":false},"excerpt":{"rendered":"<p>Puedes evaluar algunos de nuestros portafolios p\u00fablicos de las Primeras Comuniones, en la FotoTienda Virtual puedes conseguir los m\u00e1s recientes. Video Fotos Comuni\u00f3n Iglesia del Rosario Junio 2009 I Video Fotos Comuni\u00f3n Iglesia del Rosario Junio 2009 II Video Fotos &hellip; <a href=\"https:\/\/fotografismos.com\/fotobill\/?page_id=4419\">Sigue leyendo <span class=\"meta-nav\">&rarr;<\/span><\/a><\/p>\n","protected":false},"author":4,"featured_media":0,"parent":4306,"menu_order":5,"comment_status":"closed","ping_status":"closed","template":"","meta":{"footnotes":""},"class_list":["post-4419","page","type-page","status-publish","hentry"],"_links":{"self":[{"href":"https:\/\/fotografismos.com\/fotobill\/index.php?rest_route=\/wp\/v2\/pages\/4419","targetHints":{"allow":["GET"]}}],"collection":[{"href":"https:\/\/fotografismos.com\/fotobill\/index.php?rest_route=\/wp\/v2\/pages"}],"about":[{"href":"https:\/\/fotografismos.com\/fotobill\/index.php?rest_route=\/wp\/v2\/types\/page"}],"author":[{"embeddable":true,"href":"https:\/\/fotografismos.com\/fotobill\/index.php?rest_route=\/wp\/v2\/users\/4"}],"replies":[{"embeddable":true,"href":"https:\/\/fotografismos.com\/fotobill\/index.php?rest_route=%2Fwp%2Fv2%2Fcomments&post=4419"}],"version-history":[{"count":12,"href":"https:\/\/fotografismos.com\/fotobill\/index.php?rest_route=\/wp\/v2\/pages\/4419\/revisions"}],"predecessor-version":[{"id":121728,"href":"https:\/\/fotografismos.com\/fotobill\/index.php?rest_route=\/wp\/v2\/pages\/4419\/revisions\/121728"}],"up":[{"embeddable":true,"href":"https:\/\/fotografismos.com\/fotobill\/index.php?rest_route=\/wp\/v2\/pages\/4306"}],"wp:attachment":[{"href":"https:\/\/fotografismos.com\/fotobill\/index.php?rest_route=%2Fwp%2Fv2%2Fmedia&parent=4419"}],"curies":[{"name":"wp","href":"https:\/\/api.w.org\/{rel}","templated":true}]}}