{"id":4410,"date":"2011-08-08T11:33:33","date_gmt":"2011-08-08T16:03:33","guid":{"rendered":"http:\/\/fotoggrafica.com\/fotobill\/?page_id=4410"},"modified":"2022-02-20T20:54:13","modified_gmt":"2022-02-21T00:54:13","slug":"albums-personalizados-2","status":"publish","type":"page","link":"https:\/\/fotografismos.com\/fotobill\/?page_id=4410","title":{"rendered":"Alb\u00fams Personalizados"},"content":{"rendered":"<p style=\"text-align: justify;\">Algo para recordar, algo para conservar, algo para nunca olvidar&#8230;<\/p>\n<p style=\"text-align: justify;\">Para ello en <a href=\"http:\/\/www.fotografismos.com\/fotobill\" target=\"_blank\" rel=\"noopener\">FotoGr\u00e1fic@<\/a> pensamos en compilar las mejores fotos para t\u00ed y\u00a0\u00a0 que por generaciones puedan disfrutar de momentos e im\u00e1genes irrepetibles. Te invitamos a evaluar nuestros Albums. As\u00ed como, si y\u00e1 nos contratastes, haz la selecci\u00f3n\u00a0 autom\u00e1tica en la <a href=\"http:\/\/fotografismos.com\/fotobill\/?page_id=12\">FotoTienda Virtua<\/a>l \u00f3 comparte la galer\u00eda con tus amigos y familiares.<\/p>\n<ul>\n<li><a href=\"http:\/\/www.fotografismos.com\/Galerias\/Albums\/15%20victoria%20villalobos\/Victoria%20Villalobos%20mis%20Quince%20final%202.wmv\" target=\"_blank\" rel=\"noopener\">Quince A\u00f1os Victoria V. (Video de fotos)<\/a><\/li>\n<li><a href=\"http:\/\/www.fotografismos.com\/Galerias\/Albums\/15%20victoria%20villalobos\/Contactos%20Victoria\/index.htm\" target=\"_blank\" rel=\"noopener\">Quince A\u00f1os Victoria V. (Contactos de fotos)<\/a><\/li>\n<li><a href=\"http:\/\/www.fotografismos.com\/Galerias\/Albums\/maria%20corina%20ac\/index.htm\" target=\"_blank\" rel=\"noopener\">Mar\u00eda Corina &#8211; Ballet<\/a><\/li>\n<li><a href=\"http:\/\/www.fotografismos.com\/Galerias\/Albums\/ballet%20classique%20gala%20anual%202008\/index.htm\" target=\"_blank\" rel=\"noopener\">Escuela de Ballet Classique &#8211; Gala 2008<\/a><\/li>\n<li><a href=\"http:\/\/www.fotografismos.com\/Galerias\/Albums\/Maria%20Jose\/index.htm\" target=\"_blank\" rel=\"noopener\">Mar\u00eda Jos\u00e9 &#8211; Ballet<\/a><\/li>\n<\/ul>\n<p>&nbsp;<\/p>\n","protected":false},"excerpt":{"rendered":"<p>Algo para recordar, algo para conservar, algo para nunca olvidar&#8230; Para ello en FotoGr\u00e1fic@ pensamos en compilar las mejores fotos para t\u00ed y\u00a0\u00a0 que por generaciones puedan disfrutar de momentos e im\u00e1genes irrepetibles. Te invitamos a evaluar nuestros Albums. As\u00ed &hellip; <a href=\"https:\/\/fotografismos.com\/fotobill\/?page_id=4410\">Sigue leyendo <span class=\"meta-nav\">&rarr;<\/span><\/a><\/p>\n","protected":false},"author":4,"featured_media":0,"parent":4306,"menu_order":4,"comment_status":"closed","ping_status":"closed","template":"","meta":{"footnotes":""},"class_list":["post-4410","page","type-page","status-publish","hentry"],"_links":{"self":[{"href":"https:\/\/fotografismos.com\/fotobill\/index.php?rest_route=\/wp\/v2\/pages\/4410","targetHints":{"allow":["GET"]}}],"collection":[{"href":"https:\/\/fotografismos.com\/fotobill\/index.php?rest_route=\/wp\/v2\/pages"}],"about":[{"href":"https:\/\/fotografismos.com\/fotobill\/index.php?rest_route=\/wp\/v2\/types\/page"}],"author":[{"embeddable":true,"href":"https:\/\/fotografismos.com\/fotobill\/index.php?rest_route=\/wp\/v2\/users\/4"}],"replies":[{"embeddable":true,"href":"https:\/\/fotografismos.com\/fotobill\/index.php?rest_route=%2Fwp%2Fv2%2Fcomments&post=4410"}],"version-history":[{"count":12,"href":"https:\/\/fotografismos.com\/fotobill\/index.php?rest_route=\/wp\/v2\/pages\/4410\/revisions"}],"predecessor-version":[{"id":121727,"href":"https:\/\/fotografismos.com\/fotobill\/index.php?rest_route=\/wp\/v2\/pages\/4410\/revisions\/121727"}],"up":[{"embeddable":true,"href":"https:\/\/fotografismos.com\/fotobill\/index.php?rest_route=\/wp\/v2\/pages\/4306"}],"wp:attachment":[{"href":"https:\/\/fotografismos.com\/fotobill\/index.php?rest_route=%2Fwp%2Fv2%2Fmedia&parent=4410"}],"curies":[{"name":"wp","href":"https:\/\/api.w.org\/{rel}","templated":true}]}}