{"id":4383,"date":"2011-08-07T21:56:07","date_gmt":"2011-08-08T02:26:07","guid":{"rendered":"http:\/\/fotoggrafica.com\/fotobill\/?page_id=4383"},"modified":"2022-02-22T08:59:14","modified_gmt":"2022-02-22T12:59:14","slug":"ayuda","status":"publish","type":"page","link":"https:\/\/fotografismos.com\/fotobill\/?page_id=4383","title":{"rendered":"Ayuda"},"content":{"rendered":"<p><strong>Pasos para Comprar fotos de la Tienda Virtual:<\/strong><\/p>\n<ol>\n<li style=\"text-align: justify;\">Seleccionar la Opci\u00f3n de <span style=\"text-decoration: underline;\"><span style=\"color: #0000ff;\">FotoTienda Virtual<\/span><\/span>\u00a0o ingresar por la opci\u00f3n de Galer\u00edas Privadas en el Men\u00fa de Barras del Sitio web<\/li>\n<li style=\"text-align: justify;\">Una vez en la FotoTienda Virtual, seleccione la Galer\u00eda deseada d\u00e1ndole click sobre la misma o puede bajar deslizando la <span style=\"text-decoration: underline;\"><span style=\"color: #0000ff;\">ventana lateral<\/span><\/span> para ver todas las Galer\u00edas y seleccionar la deseada \u00f3 bi\u00e9n puede introducir un texto en <span style=\"text-decoration: underline; color: #0000ff;\">Buscar<\/span> y realizar una b\u00fasqueda de la Galer\u00eda, una vez la consiga darle un click para seleccionar la misma. En caso de ingresar por Galer\u00edas privadas debe ingresar la contrase\u00f1a y el c\u00f3digo de Galer\u00eda suministrado.<\/li>\n<li style=\"text-align: justify;\">All\u00ed podr\u00e1 ver las fotos contactos una por una, navegando hacia adelante donde indica(&gt;) y retrocediendo a la imagen anterior donde indica (&lt;), marque la casilla <span style=\"text-decoration: underline;\"><span style=\"color: #0000ff;\">Seleccione<\/span><\/span> para seleccionar esa foto que usted desea, repita este paso para tantas fotos usted desee, cuando termine presione sobre al s\u00edmbolo (x) y volver\u00e1 a la Galer\u00eda.<\/li>\n<li style=\"text-align: justify;\">Luego Seleccione del men\u00fa de texto superior\u00a0<span style=\"text-decoration: underline; color: #0000ff;\">A\u00f1adir al Carro<\/span> para que las imagenes seleccionadas por usted se incl\u00fayan en el carrito de compras (si no hace este paso, perder\u00e1 la selecci\u00f3n de sus fotos).<span style=\"text-decoration: underline;\"><span style=\"color: #0000ff; text-decoration: underline;\"><br \/>\n<\/span><\/span><\/li>\n<li style=\"text-align: justify;\">Espere hasta que se le abra la ventana para introducir la <span style=\"text-decoration: underline;\"><span style=\"color: #0000ff;\">Cantidad<\/span><\/span> de copias que desee de esas fotos, seleccione tambi\u00e9n el <span style=\"text-decoration: underline;\"><span style=\"color: #0000ff;\">Tama\u00f1o<\/span><\/span> de las fotos desplaz\u00e1ndose entre las opciones del men\u00fa lateral. Una vez hecho esto, seleccione <span style=\"text-decoration: underline; color: #0000ff;\">A\u00f1adir al Carro<\/span>. <strong>Nota: \u00abSi no completa este paso, no le ser\u00e1 a\u00f1adida ninguna foto a su carrito\u00bb.<\/strong><\/li>\n<li style=\"text-align: justify;\">Si desea seguir seleccionando otras fotos de otros tama\u00f1os<span style=\"text-decoration: underline;\">,<\/span> repita los pasos a partir del paso 3, pero si ya termin\u00f3 su selecci\u00f3n, seleccione la opci\u00f3n <span style=\"text-decoration: underline; color: #0000ff;\">Correo<\/span>\u00a0y all\u00ed se le presentar\u00e1 el resumen de su pedido.<\/li>\n<li style=\"text-align: justify;\">Es hora de revisar su pedido, all\u00ed puede eliminar, marque la casilla<span style=\"text-decoration: underline; color: #0000ff;\"> Eliminar<\/span>\u00a0y luego pulse <span style=\"text-decoration: underline;\"><span style=\"color: #0000ff;\">Actualizar Carro de Compras.<\/span><\/span> Si desea seguir a\u00f1adiendo Favor vaya al Paso 3 o bi\u00e9n puede cambiar la cantidad de fotos a solicitar.<\/li>\n<li style=\"text-align: justify;\"><span style=\"color: #000000;\">Si y\u00e1 revis\u00f3 y est\u00e1 de acuerdo con su Compra, Pulse <\/span><span style=\"text-decoration: underline;\"><span style=\"color: #0000ff; text-decoration: underline;\">Opciones de Pago(Correo)<\/span><\/span><span style=\"color: #000000;\">, <span style=\"color: #000000;\">all\u00ed estar\u00e1 cerrando su carrito de compras y entrar\u00e1 a la ventana de solicitud de datos personales de usted para poder contactarlo(a) y convenir la forma de pago y la entrega de sus fotos. F<\/span>avor introduzca todos los datos solicitados.<\/span><span style=\"color: #0000ff;\"><span style=\"color: #000000;\"> Si todo est\u00e1 correcto, pulse <span style=\"text-decoration: underline; color: #0000ff;\">Enviar<\/span><\/span><\/span><span style=\"color: #0000ff;\"><span style=\"color: #000000;\">\u00a0y en estar\u00e1 confirmando su pedido, en caso contrario presione <span style=\"text-decoration: underline; color: #0000ff;\">Cancelar<\/span> para anular su pedido.<br \/>\n<\/span><\/span><\/li>\n<li style=\"text-align: justify;\"><span style=\"color: #0000ff;\"><span style=\"color: #000000;\">Felicitaciones! Ahora su pedido est\u00e1 completo y pronto recibir\u00e1 un correo de vuelta \u00f3 una llamada telef\u00f3nica confirmando su pedido, esto, para continuar con el proceso de Compra y Recepci\u00f3n de sus Fotos.<\/span><\/span><\/li>\n<li style=\"text-align: justify;\"><span style=\"color: #0000ff;\"><span style=\"color: #000000;\">Muchas Gracias por su Compra y por elegirnos como sus Fot\u00f3grafos de confianza.<\/span><\/span><\/li>\n<\/ol>\n<p><strong>NOTA:<\/strong> \u00abSi no complet\u00f3 algunos de los pasos anteriores, su pedido no ser\u00e1 efectivo y su el mismo no ser\u00e1 registrado, Favor revise esta ayuda y vuelva a hacer la selecci\u00f3n de sus fotos. Si tiene alguna duda, favor llame al ++58.414.3689035 o por correo a partgio@hotmail.com o partgio@gmail.com<\/p>\n<p><strong>Pasos Para Entrar a la Secci\u00f3n de Galer\u00edas Privadas:<\/strong><\/p>\n<ol>\n<li>Usted recibir\u00e1 V\u00eda correo electr\u00f3nico, un N\u00famero de Galer\u00eda y su Contrase\u00f1a(clave) para poder ingresar, ver y seleccionar sus fotos.<\/li>\n<li>Ingrese esos datos tal cual los recibi\u00f3 ( recuerde las min\u00fasculas y may\u00fasculas).<\/li>\n<li>Vaya al Paso 1 de <strong>Pasos para Comprar fotos de la Tienda Virtual <\/strong>y siga todos los pasos para comprar fotos en la FotoTienda virtual<strong><br \/>\n<\/strong><\/li>\n<\/ol>\n","protected":false},"excerpt":{"rendered":"<p>Pasos para Comprar fotos de la Tienda Virtual: Seleccionar la Opci\u00f3n de FotoTienda Virtual\u00a0o ingresar por la opci\u00f3n de Galer\u00edas Privadas en el Men\u00fa de Barras del Sitio web Una vez en la FotoTienda Virtual, seleccione la Galer\u00eda deseada d\u00e1ndole &hellip; <a href=\"https:\/\/fotografismos.com\/fotobill\/?page_id=4383\">Sigue leyendo <span class=\"meta-nav\">&rarr;<\/span><\/a><\/p>\n","protected":false},"author":4,"featured_media":0,"parent":0,"menu_order":11,"comment_status":"closed","ping_status":"closed","template":"","meta":{"footnotes":""},"class_list":["post-4383","page","type-page","status-publish","hentry"],"_links":{"self":[{"href":"https:\/\/fotografismos.com\/fotobill\/index.php?rest_route=\/wp\/v2\/pages\/4383","targetHints":{"allow":["GET"]}}],"collection":[{"href":"https:\/\/fotografismos.com\/fotobill\/index.php?rest_route=\/wp\/v2\/pages"}],"about":[{"href":"https:\/\/fotografismos.com\/fotobill\/index.php?rest_route=\/wp\/v2\/types\/page"}],"author":[{"embeddable":true,"href":"https:\/\/fotografismos.com\/fotobill\/index.php?rest_route=\/wp\/v2\/users\/4"}],"replies":[{"embeddable":true,"href":"https:\/\/fotografismos.com\/fotobill\/index.php?rest_route=%2Fwp%2Fv2%2Fcomments&post=4383"}],"version-history":[{"count":22,"href":"https:\/\/fotografismos.com\/fotobill\/index.php?rest_route=\/wp\/v2\/pages\/4383\/revisions"}],"predecessor-version":[{"id":121773,"href":"https:\/\/fotografismos.com\/fotobill\/index.php?rest_route=\/wp\/v2\/pages\/4383\/revisions\/121773"}],"wp:attachment":[{"href":"https:\/\/fotografismos.com\/fotobill\/index.php?rest_route=%2Fwp%2Fv2%2Fmedia&parent=4383"}],"curies":[{"name":"wp","href":"https:\/\/api.w.org\/{rel}","templated":true}]}}