{"id":4346,"date":"2011-08-07T21:11:31","date_gmt":"2011-08-08T01:41:31","guid":{"rendered":"http:\/\/fotoggrafica.com\/fotobill\/?page_id=4346"},"modified":"2022-02-20T21:05:25","modified_gmt":"2022-02-21T01:05:25","slug":"cursos","status":"publish","type":"page","link":"https:\/\/fotografismos.com\/fotobill\/?page_id=4346","title":{"rendered":"Cursos"},"content":{"rendered":"<p style=\"text-align: justify;\">En nuestro af\u00e1n de compartir, ponemos a disposici\u00f3n informaci\u00f3n \u00fatil para todos nuestros clientes y visitantes. Queremos aportar desinteresadamente estos cursos, gu\u00edas \u00fatiles y documentos para que puedas aprender \u00f3 bi\u00e9n, enriquecer tus conocimientos sobre el arte y la t\u00e9cnica <em><a href=\"http:\/\/www.fotografismos.com\/fotografica.htm\" target=\"_blank\" rel=\"noopener\">FotoGr\u00e1fic@<\/a><\/em>. Pronto Publicaremos la Programaci\u00f3n de nuestros cursos a dictar en nuestro Estudio.<\/p>\n<p style=\"text-align: justify;\">A continuaci\u00f3n, econtrar\u00e1s algunas gu\u00edas \u00fatiles para ti:<\/p>\n<ul>\n<li><span style=\"color: #000000;\"><em><strong><a href=\"http:\/\/fotografismos.com\/fotobill\/wp-content\/uploads\/2011\/08\/COMO-SELECCIONAR-A-UN-BUEN-FOTOGRAFO.pdf\" target=\"_blank\" rel=\"noopener\">C\u00f3mo Seleccionar a un Buen Fot\u00f3grafo<\/a><\/strong><\/em><\/span><\/li>\n<li><span style=\"color: #000000;\"><em><strong><a href=\"http:\/\/fotografismos.com\/fotobill\/wp-content\/uploads\/2011\/08\/PRESERVANDO-LAS-FOTOGRAFIAS-Y-NEGATIVOS.pdf\" target=\"_blank\" rel=\"noopener\">C\u00f3mo Preservar Fotos y Negativos<\/a><\/strong><\/em><\/span><\/li>\n<li><span style=\"color: #000000;\"><em><strong><a href=\"http:\/\/fotografismos.com\/fotobill\/wp-content\/uploads\/2011\/08\/Revelado-digital-Impresion-de-fotografia-digital.pdf\" target=\"_blank\" rel=\"noopener\">Impresi\u00f3n en la Fotograf\u00eda Digital &#8211; Lo que debes saber<\/a><\/strong><\/em><\/span><\/li>\n<li><span style=\"color: #000000;\"><em><strong><a href=\"http:\/\/fotografismos.com\/fotobill\/wp-content\/uploads\/2011\/08\/amplio-mundo-foto-digital.pdf\" target=\"_blank\" rel=\"noopener\">El amplio mundo de la foto digital<\/a><\/strong><\/em><\/span><\/li>\n<\/ul>\n<p>&nbsp;<\/p>\n<p style=\"text-align: justify;\"><span style=\"color: #000000; font-family: Palatino Linotype;\">\u00a0<\/span><\/p>\n<p><span style=\"color: #ffffff; font-family: Palatino Linotype;\">La lectura permite crecer, progresar, y sobre todo ser m\u00e1s creativo y cr\u00edtico para construir, para inventar, para reformular. Es un h\u00e1bito que debes practicar y por eso hemos querido regalarte este material, esperando te sea de ayuda y de utilidad.<\/span><\/p>\n<p>&nbsp;<\/p>\n","protected":false},"excerpt":{"rendered":"<p>En nuestro af\u00e1n de compartir, ponemos a disposici\u00f3n informaci\u00f3n \u00fatil para todos nuestros clientes y visitantes. Queremos aportar desinteresadamente estos cursos, gu\u00edas \u00fatiles y documentos para que puedas aprender \u00f3 bi\u00e9n, enriquecer tus conocimientos sobre el arte y la t\u00e9cnica &hellip; <a href=\"https:\/\/fotografismos.com\/fotobill\/?page_id=4346\">Sigue leyendo <span class=\"meta-nav\">&rarr;<\/span><\/a><\/p>\n","protected":false},"author":4,"featured_media":0,"parent":0,"menu_order":7,"comment_status":"closed","ping_status":"closed","template":"","meta":{"footnotes":""},"class_list":["post-4346","page","type-page","status-publish","hentry"],"_links":{"self":[{"href":"https:\/\/fotografismos.com\/fotobill\/index.php?rest_route=\/wp\/v2\/pages\/4346","targetHints":{"allow":["GET"]}}],"collection":[{"href":"https:\/\/fotografismos.com\/fotobill\/index.php?rest_route=\/wp\/v2\/pages"}],"about":[{"href":"https:\/\/fotografismos.com\/fotobill\/index.php?rest_route=\/wp\/v2\/types\/page"}],"author":[{"embeddable":true,"href":"https:\/\/fotografismos.com\/fotobill\/index.php?rest_route=\/wp\/v2\/users\/4"}],"replies":[{"embeddable":true,"href":"https:\/\/fotografismos.com\/fotobill\/index.php?rest_route=%2Fwp%2Fv2%2Fcomments&post=4346"}],"version-history":[{"count":16,"href":"https:\/\/fotografismos.com\/fotobill\/index.php?rest_route=\/wp\/v2\/pages\/4346\/revisions"}],"predecessor-version":[{"id":121732,"href":"https:\/\/fotografismos.com\/fotobill\/index.php?rest_route=\/wp\/v2\/pages\/4346\/revisions\/121732"}],"wp:attachment":[{"href":"https:\/\/fotografismos.com\/fotobill\/index.php?rest_route=%2Fwp%2Fv2%2Fmedia&parent=4346"}],"curies":[{"name":"wp","href":"https:\/\/api.w.org\/{rel}","templated":true}]}}