{"id":4313,"date":"2011-08-07T20:17:29","date_gmt":"2011-08-08T00:47:29","guid":{"rendered":"http:\/\/fotoggrafica.com\/fotobill\/?page_id=4313"},"modified":"2016-06-26T17:59:54","modified_gmt":"2016-06-26T21:59:54","slug":"estudio","status":"publish","type":"page","link":"https:\/\/fotografismos.com\/fotobill\/?page_id=4313","title":{"rendered":"Estudio"},"content":{"rendered":"<div id=\"attachment_4317\" style=\"width: 639px\" class=\"wp-caption alignnone\"><img loading=\"lazy\" decoding=\"async\" aria-describedby=\"caption-attachment-4317\" class=\" wp-image-4317\" src=\"http:\/\/fotoggrafica.com\/fotobill\/wp-content\/uploads\/2011\/08\/Estudio1.jpg\" alt=\"Estudio Profesional\" width=\"629\" height=\"145\" srcset=\"https:\/\/fotografismos.com\/fotobill\/wp-content\/uploads\/2011\/08\/Estudio1.jpg 447w, https:\/\/fotografismos.com\/fotobill\/wp-content\/uploads\/2011\/08\/Estudio1-300x69.jpg 300w, https:\/\/fotografismos.com\/fotobill\/wp-content\/uploads\/2011\/08\/Estudio1-400x92.jpg 400w\" sizes=\"auto, (max-width: 629px) 100vw, 629px\" \/><p id=\"caption-attachment-4317\" class=\"wp-caption-text\">Estudio Profesional<\/p><\/div>\n<p style=\"text-align: justify;\">Brindamos el mayor confort y comodidad a t\u00ed y a los tuyos, en un ambiente armonioso, para obtener s\u00edn prisa las im\u00e1genes que reflejar\u00e1n\u00a0 t\u00fa retrato personal, familiar \u00f3 Comercial. Hemos pensado en t\u00ed\u00a0 con un concepto \u00fanico, innovador y personal.<\/p>\n<p style=\"text-align: justify;\">Ideado para lograr la mejor Im\u00e1gen, con todas las variables fotogr\u00e1ficas controladas (luz, exposici\u00f3n, composici\u00f3n, etc.) y poder analizar las tomas detenidamente antes de publicar la im\u00e1gen que dar\u00e1 el sello publicitario a t\u00fa empresa \u00f3 para que tengas ese retrato irrepetible que perdure para varias generaciones hablando de t\u00ed\u00a0 un ma\u00f1ana, y\u00e1 que una im\u00e1gen dice m\u00e1s, que mil palabras&#8230;<\/p>\n<p><span style=\"font-family: Verdana,Arial,Helvetica,sans-serif;\"><span style=\"font-family: Verdana,Arial,Helvetica,sans-serif;\"><span style=\"color: #ffffff; font-family: Palatino Linotype;\"> el mayor confort y comodidad a t\u00ed y a los tuyos, en un ambiente armonioso, para obtener s\u00edn prisa las im\u00e1genes que reflejar\u00e1n\u00a0 t\u00fa retrato personal, familiar \u00f3 Comercial. Hemos pensado en t\u00ed\u00a0 con un concepto \u00fanico, innovador y personal.<\/span><\/span><\/span><\/p>\n<p><span style=\"color: #ffffff; font-family: Palatino Linotype;\">Ideado para lograr la mejor Im\u00e1gen, con todas las variables fotogr\u00e1ficas controladas (luz, exposici\u00f3n, composici\u00f3n, etc.) y poder analizar las tomas detenidamente antes de publicar la im\u00e1gen que dar\u00e1 el sello publicitario a t\u00fa empresa \u00f3 para que tengas ese retrato irrepetible que perdure para varias generaciones hablando de t\u00ed\u00a0 un ma\u00f1ana, y\u00e1 que una im\u00e1gen dice m\u00e1s, que mil palabras&#8230;.<\/span><\/p>\n<p>&nbsp;<\/p>\n","protected":false},"excerpt":{"rendered":"<p>Brindamos el mayor confort y comodidad a t\u00ed y a los tuyos, en un ambiente armonioso, para obtener s\u00edn prisa las im\u00e1genes que reflejar\u00e1n\u00a0 t\u00fa retrato personal, familiar \u00f3 Comercial. Hemos pensado en t\u00ed\u00a0 con un concepto \u00fanico, innovador y &hellip; <a href=\"https:\/\/fotografismos.com\/fotobill\/?page_id=4313\">Sigue leyendo <span class=\"meta-nav\">&rarr;<\/span><\/a><\/p>\n","protected":false},"author":4,"featured_media":0,"parent":4306,"menu_order":0,"comment_status":"closed","ping_status":"closed","template":"","meta":{"footnotes":""},"class_list":["post-4313","page","type-page","status-publish","hentry"],"_links":{"self":[{"href":"https:\/\/fotografismos.com\/fotobill\/index.php?rest_route=\/wp\/v2\/pages\/4313","targetHints":{"allow":["GET"]}}],"collection":[{"href":"https:\/\/fotografismos.com\/fotobill\/index.php?rest_route=\/wp\/v2\/pages"}],"about":[{"href":"https:\/\/fotografismos.com\/fotobill\/index.php?rest_route=\/wp\/v2\/types\/page"}],"author":[{"embeddable":true,"href":"https:\/\/fotografismos.com\/fotobill\/index.php?rest_route=\/wp\/v2\/users\/4"}],"replies":[{"embeddable":true,"href":"https:\/\/fotografismos.com\/fotobill\/index.php?rest_route=%2Fwp%2Fv2%2Fcomments&post=4313"}],"version-history":[{"count":7,"href":"https:\/\/fotografismos.com\/fotobill\/index.php?rest_route=\/wp\/v2\/pages\/4313\/revisions"}],"predecessor-version":[{"id":50459,"href":"https:\/\/fotografismos.com\/fotobill\/index.php?rest_route=\/wp\/v2\/pages\/4313\/revisions\/50459"}],"up":[{"embeddable":true,"href":"https:\/\/fotografismos.com\/fotobill\/index.php?rest_route=\/wp\/v2\/pages\/4306"}],"wp:attachment":[{"href":"https:\/\/fotografismos.com\/fotobill\/index.php?rest_route=%2Fwp%2Fv2%2Fmedia&parent=4313"}],"curies":[{"name":"wp","href":"https:\/\/api.w.org\/{rel}","templated":true}]}}