{"id":4306,"date":"2011-08-07T14:55:37","date_gmt":"2011-08-07T19:25:37","guid":{"rendered":"http:\/\/fotoggrafica.com\/fotobill\/?page_id=4306"},"modified":"2023-05-22T17:09:30","modified_gmt":"2023-05-22T21:09:30","slug":"servicios","status":"publish","type":"page","link":"https:\/\/fotografismos.com\/fotobill\/?page_id=4306","title":{"rendered":"Servicios"},"content":{"rendered":"<p style=\"text-align: justify;\">Tienes una excelente opci\u00f3n con qui\u00e9n consultar, al momento de evaluar Calidad, Servicio, Precios, Responsabilidad y todo lo que\u00a0 requieras para documentar tus eventos o bi\u00e9n para preservar y realzar tu Im\u00e1gen, la de tus Productos, Servicios y\/\u00f3 Empresa.<\/p>\n<ul>\n<li><a> Empresas, Colegios, Fotograf\u00eda Comercial, M\u00e9dica e Industrial<\/a><\/li>\n<li><a>Eventos Memorables &#8211; Matrimonios, Graduaciones, Comuniones, Bautizos, etc.<\/a><\/li>\n<li><a>Eventos P\u00fablicos &#8211; Exposiciones, Ferias, Conciertos,\u00a0 etc.<\/a><\/li>\n<li><a>Portafolios de Modelaje (Books) &#8211; Creaci\u00f3n y Hospedaje<\/a><\/li>\n<li><a>Albums Personalizados, beb\u00e9s embarazadas, personales<\/a><\/li>\n<li>Recuperaci\u00f3n de Fotos desde memorias defectuosas (CF, SD, MS, etc.)<\/li>\n<li><a>Fotograf\u00eda Profesional en Estudio<\/a><\/li>\n<li>Fotograf\u00eda Profesional Panor\u00e1micas de ambientes en 360 grados<\/li>\n<li>Fotograf\u00eda Profesional de \u00a0Productos en 360 Grados<\/li>\n<li><a>Accesorios y suministros de Fotograf\u00eda<\/a><\/li>\n<li>Reparaci\u00f3n y mantenimiento de Equipos Fotogr\u00e1ficos a Empresas<\/li>\n<li>Escan\u00e9o, Edici\u00f3n\u00a0 y Restauraci\u00f3n de Fotos e Im\u00e1genes<\/li>\n<li>Impresi\u00f3n de Fotos, Pendones, Posters, Afiches, Banners y Gigantograf\u00edas<\/li>\n<li>Impresi\u00f3n de Planos y Gr\u00e1ficos a Colores y en Blanco y Negro<\/li>\n<li>Creaci\u00f3n de Logotipos y asesor\u00eda en Im\u00e1gen<\/li>\n<li>Dise\u00f1o de p\u00e1ginas Webs\u00a0 y Asesor\u00edas Web<\/li>\n<li>Registro de Dominios, Administraci\u00f3n de Dominios y Hospedaje Web<\/li>\n<li>Venta de Equipos Fotogr\u00e1ficos<\/li>\n<li>Tienda Virtual para Fot\u00f3grafos<\/li>\n<li>Todo esto, y todo lo que quieras imaginar y so\u00f1ar para tus memorias y\/o productividad&#8230;<\/li>\n<\/ul>\n","protected":false},"excerpt":{"rendered":"<p>Tienes una excelente opci\u00f3n con qui\u00e9n consultar, al momento de evaluar Calidad, Servicio, Precios, Responsabilidad y todo lo que\u00a0 requieras para documentar tus eventos o bi\u00e9n para preservar y realzar tu Im\u00e1gen, la de tus Productos, Servicios y\/\u00f3 Empresa. Empresas, &hellip; <a href=\"https:\/\/fotografismos.com\/fotobill\/?page_id=4306\">Sigue leyendo <span class=\"meta-nav\">&rarr;<\/span><\/a><\/p>\n","protected":false},"author":4,"featured_media":0,"parent":0,"menu_order":4,"comment_status":"closed","ping_status":"closed","template":"","meta":{"footnotes":""},"class_list":["post-4306","page","type-page","status-publish","hentry"],"_links":{"self":[{"href":"https:\/\/fotografismos.com\/fotobill\/index.php?rest_route=\/wp\/v2\/pages\/4306","targetHints":{"allow":["GET"]}}],"collection":[{"href":"https:\/\/fotografismos.com\/fotobill\/index.php?rest_route=\/wp\/v2\/pages"}],"about":[{"href":"https:\/\/fotografismos.com\/fotobill\/index.php?rest_route=\/wp\/v2\/types\/page"}],"author":[{"embeddable":true,"href":"https:\/\/fotografismos.com\/fotobill\/index.php?rest_route=\/wp\/v2\/users\/4"}],"replies":[{"embeddable":true,"href":"https:\/\/fotografismos.com\/fotobill\/index.php?rest_route=%2Fwp%2Fv2%2Fcomments&post=4306"}],"version-history":[{"count":13,"href":"https:\/\/fotografismos.com\/fotobill\/index.php?rest_route=\/wp\/v2\/pages\/4306\/revisions"}],"predecessor-version":[{"id":126762,"href":"https:\/\/fotografismos.com\/fotobill\/index.php?rest_route=\/wp\/v2\/pages\/4306\/revisions\/126762"}],"wp:attachment":[{"href":"https:\/\/fotografismos.com\/fotobill\/index.php?rest_route=%2Fwp%2Fv2%2Fmedia&parent=4306"}],"curies":[{"name":"wp","href":"https:\/\/api.w.org\/{rel}","templated":true}]}}