{"id":4300,"date":"2011-08-07T14:48:22","date_gmt":"2011-08-07T19:18:22","guid":{"rendered":"http:\/\/fotoggrafica.com\/fotobill\/?page_id=4300"},"modified":"2022-02-22T10:02:58","modified_gmt":"2022-02-22T14:02:58","slug":"clientes","status":"publish","type":"page","link":"https:\/\/fotografismos.com\/fotobill\/?page_id=4300","title":{"rendered":"Clientes"},"content":{"rendered":"<p style=\"text-align: justify;\"><span style=\"color: #000000; font-family: Palatino Linotype;\"> Nuestros Clientes hacen\u00a0\u00a0posible\u00a0que <a href=\"http:\/\/www.fotografismos.com\/fotobill\">FotoGr\u00e1fic@<\/a> sea la mejor opci\u00f3n al momento de seleccionar un fot\u00f3grafo y editores Gr\u00e1ficos de confianza. Testigos de la Calidad, Seriedad, Confiabilidad, Confidencialidad, Honestidad, Precios, Puntualidad y Tiempo de Entrega. Los clientes,\u00a0 nuestra mejor referencia. Usan nuestros servicios de fotograf\u00edas e im\u00e1genes\u00a0 y son quienes nos exigen de estar comprometidos con los <a>valores y principios<\/a> que gu\u00edan nuestra empresa. <\/span><\/p>\n<p style=\"text-align: justify;\"><span style=\"color: #000000; font-family: Palatino Linotype;\">La satisfacci\u00f3n de nuestro cliente es lo m\u00e1s importante para nosotros&#8230;<\/span><\/p>\n<p>ABB Vetco Gray de Venezuela C.A.<br \/>\nAlcald\u00eda de Maracaibo<br \/>\nAlmacenadora del Caribe<br \/>\nArmada de la Rep\u00fablica Bolivariana de Venezuela<br \/>\nAserca Airlines<br \/>\nAviaci\u00f3n de la Rep\u00fablica Bolivariana de Venezuela<br \/>\nBase Aerea Rafael Urdaneta<br \/>\nBaker Hughes SA<br \/>\nBeco<br \/>\nC.A. Central La Pastora<br \/>\nCentrilift<br \/>\nCervecer\u00eda Regional S.A.<br \/>\nCodelcar<br \/>\nColegio Mater Salvatoris<br \/>\nColegio Bil\u00fa<br \/>\nComit\u00e9 de Ferias de la Chinita<br \/>\nConservatorio de M\u00fasica Jos\u00e9 Luis Paz<br \/>\nDiario Panorama<br \/>\nCasa D\u00b4Italia de Maracaibo<br \/>\nDiario La Verdad<br \/>\nEquipo de B\u00e9isbol Profesional Aguilas del Zulia<br \/>\nFacetas (Diario Panorama)<br \/>\nFMC<br \/>\nFotograf\u00eda Independiente desde el a\u00f1o 2000<br \/>\nFot\u00f3grafos Oficial Feria de la Chinita 2001\/02\/03<br \/>\nFot\u00f3grafos Carnavales de Maracaibo 2001\/02\/03\/04<br \/>\nFot\u00f3grafos\u00a0 Invitados Copa America 2007<br \/>\nFot\u00f3grafos Invitados Feria de la Chinita 2004<br \/>\nGobernaci\u00f3n del Zulia<br \/>\nGuardia Nacional de la Rep\u00fablica Bolivariana de Venezuela<br \/>\nHughes Christensen<br \/>\nInfalca<br \/>\nInelectra S.A.<br \/>\nKitchen Fair de Venezuela<br \/>\nMarket International &#8211; Revista Oficial Aserca<br \/>\nMolinares Publicidad C.A.<br \/>\nPDVSA<br \/>\nPetroRegional del Lago S.A. (PERLA)<br \/>\nProdusca<br \/>\nRevista Maracaibo<br \/>\nShell de Venezuela S.A.<br \/>\nServiOfim\u00e1tica y Telecomunicaciones C.A.<br \/>\nSofim, C.A.<br \/>\nSofitel, C.A.<br \/>\nStatoil<br \/>\nTenaris<br \/>\nUnidad Educativa Colegio La Epifania<br \/>\nVeneturismo C.A.<br \/>\nZ.I.C. C.A.<br \/>\nZIEMANN Ludwigsburg GmbH<\/p>\n<p>entre otros, clientes particulares.<\/p>\n<p>Los nombres de Empresas y\/o Productos, pertenecen a sus Propietarios y tienen todos sus Derechos\u00a0Reservados.<\/p>\n","protected":false},"excerpt":{"rendered":"<p>Nuestros Clientes hacen\u00a0\u00a0posible\u00a0que FotoGr\u00e1fic@ sea la mejor opci\u00f3n al momento de seleccionar un fot\u00f3grafo y editores Gr\u00e1ficos de confianza. Testigos de la Calidad, Seriedad, Confiabilidad, Confidencialidad, Honestidad, Precios, Puntualidad y Tiempo de Entrega. Los clientes,\u00a0 nuestra mejor referencia. Usan nuestros &hellip; <a href=\"https:\/\/fotografismos.com\/fotobill\/?page_id=4300\">Sigue leyendo <span class=\"meta-nav\">&rarr;<\/span><\/a><\/p>\n","protected":false},"author":4,"featured_media":0,"parent":4435,"menu_order":2,"comment_status":"closed","ping_status":"closed","template":"","meta":{"footnotes":""},"class_list":["post-4300","page","type-page","status-publish","hentry"],"_links":{"self":[{"href":"https:\/\/fotografismos.com\/fotobill\/index.php?rest_route=\/wp\/v2\/pages\/4300","targetHints":{"allow":["GET"]}}],"collection":[{"href":"https:\/\/fotografismos.com\/fotobill\/index.php?rest_route=\/wp\/v2\/pages"}],"about":[{"href":"https:\/\/fotografismos.com\/fotobill\/index.php?rest_route=\/wp\/v2\/types\/page"}],"author":[{"embeddable":true,"href":"https:\/\/fotografismos.com\/fotobill\/index.php?rest_route=\/wp\/v2\/users\/4"}],"replies":[{"embeddable":true,"href":"https:\/\/fotografismos.com\/fotobill\/index.php?rest_route=%2Fwp%2Fv2%2Fcomments&post=4300"}],"version-history":[{"count":20,"href":"https:\/\/fotografismos.com\/fotobill\/index.php?rest_route=\/wp\/v2\/pages\/4300\/revisions"}],"predecessor-version":[{"id":121781,"href":"https:\/\/fotografismos.com\/fotobill\/index.php?rest_route=\/wp\/v2\/pages\/4300\/revisions\/121781"}],"up":[{"embeddable":true,"href":"https:\/\/fotografismos.com\/fotobill\/index.php?rest_route=\/wp\/v2\/pages\/4435"}],"wp:attachment":[{"href":"https:\/\/fotografismos.com\/fotobill\/index.php?rest_route=%2Fwp%2Fv2%2Fmedia&parent=4300"}],"curies":[{"name":"wp","href":"https:\/\/api.w.org\/{rel}","templated":true}]}}