{"id":121775,"date":"2022-02-22T09:20:42","date_gmt":"2022-02-22T13:20:42","guid":{"rendered":"https:\/\/fotografismos.com\/fotobill\/?page_id=121775"},"modified":"2023-10-17T08:18:48","modified_gmt":"2023-10-17T12:18:48","slug":"politica-de-privacidad","status":"publish","type":"page","link":"https:\/\/fotografismos.com\/fotobill\/?page_id=121775","title":{"rendered":"Pol\u00edtica de privacidad"},"content":{"rendered":"\n<h2 class=\"wp-block-heading\">Fotograf\u00edas y Grafismos C.A.<\/h2>\n\n\n\n<p><\/p><p><strong>La direcci\u00f3n de nuestra web es:<\/strong> <a href=\"https:\/\/fotografismos.com\/fotobill\">https:\/\/fotografismos.com\/fotobill<\/a><\/p> <p style=\"text-align: center;\"><strong>NO ingrese si no est\u00e1 autorizado, si requiere accesar alguna Galer\u00eda Privada, favor cont\u00e1ctenos para otorgarle\u00a0 la clave de acceso a sus fotos<br \/><\/strong><\/p> <p style=\"text-align: center;\"><strong>\u00abNO INGRESE SI NO ESTA AUTORIZADO, \u00a0SITIO WEB PRIVADO\u00bb<\/strong><\/p> <h6 style=\"text-align: center;\">Los datos, textos, fotos y cualquier otra informaci\u00f3n contenidos en este sitio web de FotoGr\u00e1fica, se suministran exclusivamente a t\u00edtulo informativo y no son vinculantes para con nuestra empresa, podemos realizar cambios de informaci\u00f3n en cualquier momento. Por ninguna raz\u00f3n, los datos, caracter\u00edsticas, descripciones, ofertas y cualquier otra informaci\u00f3n visual o de texto contenida en este sitio web pueden tener ning\u00fan valor contractual o vinculante a ning\u00fan usuario o visitante.Todos los Derechos Reservados<\/h6> <h6 style=\"text-align: center;\" align=\"center\">Precios pueden variar sin previo aviso, esto, si las fotos no han sido canceladas previamente. Los precios son meramente referenciales hasta que no se concrete efectivamente su pago o dep\u00f3sito.<\/h6> <span style=\"text-align: center;\">\u00a0<\/span>\n\n\n\n<h2 class=\"wp-block-heading\">Comentarios<\/h2>\n\n\n\n<p>Cuando los visitantes dejan comentarios en la web, recopilamos los datos que se muestran en el formulario de comentarios, as\u00ed como la direcci\u00f3n IP del visitante y la cadena de agentes de usuario del navegador para ayudar a la detecci\u00f3n de spam.<\/p>\n\n\n\n<p>Una cadena an\u00f3nima creada a partir de tu direcci\u00f3n de correo electr\u00f3nico (tambi\u00e9n llamada hash) puede ser proporcionada al servicio de Gravatar para ver si la est\u00e1s usando. La pol\u00edtica de privacidad del servicio Gravatar est\u00e1 disponible aqu\u00ed: https:\/\/automattic.com\/privacy\/. Despu\u00e9s de la aprobaci\u00f3n de tu comentario, la imagen de tu perfil es visible para el p\u00fablico en el contexto de tu comentario.<\/p>\n\n\n\n<h2 class=\"wp-block-heading\">Medios<\/h2>\n\n\n\n<p>Si subes im\u00e1genes a la web, deber\u00edas evitar subir im\u00e1genes con datos de ubicaci\u00f3n (GPS EXIF) incluidos. Los visitantes de la web pueden descargar y extraer cualquier dato de ubicaci\u00f3n de las im\u00e1genes de la web.<\/p>\n\n\n\n<h2 class=\"wp-block-heading\">Cookies<\/h2>\n\n\n\n<p>Si dejas un comentario en nuestro sitio puedes elegir guardar tu nombre, direcci\u00f3n de correo electr\u00f3nico y web en cookies. Esto es para tu comodidad, para que no tengas que volver a rellenar tus datos cuando dejes otro comentario. Estas cookies tendr\u00e1n una duraci\u00f3n de un a\u00f1o.<\/p>\n\n\n\n<p>Si tienes una cuenta y te conectas a este sitio, instalaremos una cookie temporal para determinar si tu navegador acepta cookies. Esta cookie no contiene datos personales y se elimina al cerrar el navegador.<\/p>\n\n\n\n<p>Cuando accedas, tambi\u00e9n instalaremos varias cookies para guardar tu informaci\u00f3n de acceso y tus opciones de visualizaci\u00f3n de pantalla. Las cookies de acceso duran dos d\u00edas, y las cookies de opciones de pantalla duran un a\u00f1o. Si seleccionas \u00abRecu\u00e9rdarme\u00bb, tu acceso perdurar\u00e1 durante dos semanas. Si sales de tu cuenta, las cookies de acceso se eliminar\u00e1n.<\/p>\n\n\n\n<p>Si editas o publicas un art\u00edculo se guardar\u00e1 una cookie adicional en tu navegador. Esta cookie no incluye datos personales y simplemente indica el ID del art\u00edculo que acabas de editar. Caduca despu\u00e9s de 1 d\u00eda.<\/p>\n\n\n\n<h2 class=\"wp-block-heading\">Contenido incrustado de otros sitios web<\/h2>\n\n\n\n<p>Los art\u00edculos de este sitio pueden incluir contenido incrustado (por ejemplo, v\u00eddeos, im\u00e1genes, art\u00edculos, etc.). El contenido incrustado de otras webs se comporta exactamente de la misma manera que si el visitante hubiera visitado la otra web.<\/p>\n\n\n\n<p>Estas web pueden recopilar datos sobre ti, utilizar cookies, incrustar un seguimiento adicional de terceros, y supervisar tu interacci\u00f3n con ese contenido incrustado, incluido el seguimiento de tu interacci\u00f3n con el contenido incrustado si tienes una cuenta y est\u00e1s conectado a esa web.<\/p>\n\n\n\n<h2 class=\"wp-block-heading\">Con qui\u00e9n compartimos tus datos<\/h2>\n\n\n\n<p>Si solicitas un restablecimiento de contrase\u00f1a, tu direcci\u00f3n IP ser\u00e1 incluida en el correo electr\u00f3nico de restablecimiento.<\/p>\n\n\n\n<h2 class=\"wp-block-heading\">Cu\u00e1nto tiempo conservamos tus datos<\/h2>\n\n\n\n<p>Si dejas un comentario, el comentario y sus metadatos se conservan indefinidamente. Esto es para que podamos reconocer y aprobar comentarios sucesivos autom\u00e1ticamente, en lugar de mantenerlos en una cola de moderaci\u00f3n.<\/p>\n\n\n\n<p>De los usuarios que se registran en nuestra web (si los hay), tambi\u00e9n almacenamos la informaci\u00f3n personal que proporcionan en su perfil de usuario. Todos los usuarios pueden ver, editar o eliminar su informaci\u00f3n personal en cualquier momento (excepto que no pueden cambiar su nombre de usuario). Los administradores de la web tambi\u00e9n pueden ver y editar esa informaci\u00f3n.<\/p>\n\n\n\n<h2 class=\"wp-block-heading\">Qu\u00e9 derechos tienes sobre tus datos<\/h2>\n\n\n\n<p>Si tienes una cuenta o has dejado comentarios en esta web, puedes solicitar recibir un archivo de exportaci\u00f3n de los datos personales que tenemos sobre ti, incluyendo cualquier dato que nos hayas proporcionado. Tambi\u00e9n puedes solicitar que eliminemos cualquier dato personal que tengamos sobre ti. Esto no incluye ning\u00fan dato que estemos obligados a conservar con fines administrativos, legales o de seguridad.<\/p>\n\n\n\n<h2 class=\"wp-block-heading\">D\u00f3nde enviamos tus datos<\/h2>\n\n\n\n<p><\/p><p>Los comentarios de los visitantes puede que los revise un servicio de detecci\u00f3n autom\u00e1tica de spam.<\/p>\n<h2>Propiedad Intelectual y Derechos de Autor<\/h2>\n<p>Todos los datos de fotograf\u00edas, Imagenes, Videos, Escritos, Audios y dem\u00e1s material escrito publicado en este sitio web es propiedad de Fotograf\u00edas y Grafismos C.A. protegidos por la <strong>ley de Derechos de Autor<\/strong> tanto nacional como por las <strong>leyes de Copyright(\u00a9)<\/strong> Internacionales, as\u00ed como por la protecci\u00f3n de los derechos patrimoniales y derechos morales del Autor, por lo que no est\u00e1 autorizado&nbsp; ni podr\u00e1 hacer uso alguno de nuestras imagenes, videos, sonidos, escritos y de cualquier informaci\u00f3n contenida en este sitio web.<\/p>\n<p><strong>Explicitamente, est\u00e1 prohibida:<\/strong><\/p>\n<ul class=\"dot__list\">\n<li>la reproducci\u00f3n de esta pagina web y todo su contenido de varias formas, como la publicaci\u00f3n impresa o la grabaci\u00f3n sonora o visual.<\/li>\n<li>la interpretaci\u00f3n o ejecuci\u00f3n p\u00fablica de esta p\u00e1gina web.<\/li>\n<li>la grabaci\u00f3n de la pagina web y su contenido en forma de discos compactos o DVD o en archivos multimedia o en cualquier medio de grabaci\u00f3n actual o por inventarse.<\/li>\n<li>la radiodifusi\u00f3n de los sonidos de la pagina web por radio, televisi\u00f3n, cable, fibra o sat\u00e9lite;<\/li>\n<\/ul>\n","protected":false},"excerpt":{"rendered":"<p>Fotograf\u00edas y Grafismos C.A. La direcci\u00f3n de nuestra web es: https:\/\/fotografismos.com\/fotobill NO ingrese si no est\u00e1 autorizado, si requiere accesar alguna Galer\u00eda Privada, favor cont\u00e1ctenos para otorgarle\u00a0 la clave de acceso a sus fotos \u00abNO INGRESE SI NO ESTA AUTORIZADO, &hellip; <a href=\"https:\/\/fotografismos.com\/fotobill\/?page_id=121775\">Sigue leyendo <span class=\"meta-nav\">&rarr;<\/span><\/a><\/p>\n","protected":false},"author":4,"featured_media":0,"parent":0,"menu_order":0,"comment_status":"closed","ping_status":"closed","template":"","meta":{"footnotes":""},"class_list":["post-121775","page","type-page","status-publish","hentry"],"_links":{"self":[{"href":"https:\/\/fotografismos.com\/fotobill\/index.php?rest_route=\/wp\/v2\/pages\/121775","targetHints":{"allow":["GET"]}}],"collection":[{"href":"https:\/\/fotografismos.com\/fotobill\/index.php?rest_route=\/wp\/v2\/pages"}],"about":[{"href":"https:\/\/fotografismos.com\/fotobill\/index.php?rest_route=\/wp\/v2\/types\/page"}],"author":[{"embeddable":true,"href":"https:\/\/fotografismos.com\/fotobill\/index.php?rest_route=\/wp\/v2\/users\/4"}],"replies":[{"embeddable":true,"href":"https:\/\/fotografismos.com\/fotobill\/index.php?rest_route=%2Fwp%2Fv2%2Fcomments&post=121775"}],"version-history":[{"count":5,"href":"https:\/\/fotografismos.com\/fotobill\/index.php?rest_route=\/wp\/v2\/pages\/121775\/revisions"}],"predecessor-version":[{"id":129306,"href":"https:\/\/fotografismos.com\/fotobill\/index.php?rest_route=\/wp\/v2\/pages\/121775\/revisions\/129306"}],"wp:attachment":[{"href":"https:\/\/fotografismos.com\/fotobill\/index.php?rest_route=%2Fwp%2Fv2%2Fmedia&parent=121775"}],"curies":[{"name":"wp","href":"https:\/\/api.w.org\/{rel}","templated":true}]}}